{"id":967,"date":"2023-04-13T09:25:19","date_gmt":"2023-04-13T09:25:19","guid":{"rendered":"https:\/\/smartalyse.de\/?page_id=967"},"modified":"2024-12-04T15:00:12","modified_gmt":"2024-12-04T15:00:12","slug":"home-de","status":"publish","type":"page","link":"https:\/\/wp.smartalyse.de\/","title":{"rendered":"Home"},"content":{"rendered":"\t\t<div data-elementor-type=\"wp-page\" data-elementor-id=\"967\" class=\"elementor elementor-967\">\n\t\t\t\t\t\t<section class=\"elementor-section elementor-top-section elementor-element elementor-element-566eca85 elementor-section-boxed elementor-section-height-default elementor-section-height-default\" data-id=\"566eca85\" data-element_type=\"section\" data-e-type=\"section\">\n\t\t\t\t\t\t<div class=\"elementor-container elementor-column-gap-default\">\n\t\t\t\t\t<div class=\"elementor-column elementor-col-100 elementor-top-column elementor-element elementor-element-76fcfaf5\" data-id=\"76fcfaf5\" data-element_type=\"column\" data-e-type=\"column\">\n\t\t\t<div class=\"elementor-widget-wrap elementor-element-populated\">\n\t\t\t\t\t\t<div class=\"elementor-element elementor-element-3029e619 elementor-widget elementor-widget-text-editor\" data-id=\"3029e619\" data-element_type=\"widget\" data-e-type=\"widget\" data-widget_type=\"text-editor.default\">\n\t\t\t\t<div class=\"elementor-widget-container\">\n\t\t\t\t\t\t\t\t\t<div id=\"ausgangssituation\" class=\"about-1 content-section\" style=\"background-color: #ffffff; background-image: none;\" data-label=\"Ausgangssituation\" data-id=\"about-1\" data-export-id=\"about-1\" data-category=\"about\"><div class=\"gridContainer\"><div class=\"row text-center\"><div class=\"section-title-col\" data-type=\"column\"><h2 class=\"\">Ausgangssituation<\/h2><p class=\"lead\">Komplexe Produkte erfordern in allen Branchen der deutschen Wirtschaft eine Analytik des aktuellen Zustands \u00fcber die gesamte Wertsch\u00f6pfungskette. Die Automobilindustrie setzt z.B. auf analytische Qualit\u00e4tssicherungsverfahren f\u00fcr innovative Materialien und Fertigungstechniken. Privatwirtschaftliche Ingenieurs- und Gutachterb\u00fcros im Bausektor ben\u00f6tigen Gutachtert\u00e4tigkeiten f\u00fcr energieeffiziente Neubauprojekte oder \u00f6kologische Sanierung von Altbauten. Externe Dienstleister f\u00fchren vor Ort Probenentnahmen durch und analysieren diese im eigenen Labor. Der zeitkritische Faktor sind die angebundenen Prozesse, die mit der Digitalisierung der umgebenden Prozesse, der Standardisierung der Vorgehensweisen und der zentralen Bereitstellung der Ergebnisse und Daten erhebliche Mehrwerte f\u00fcr alle Beteiligten bieten k\u00f6nnen. Zurzeit gibt es keine am Markt verf\u00fcgbaren Smart-Service-Plattformen f\u00fcr die Verkn\u00fcpfung von physischen Proben und Ergebnissen aus analytischen Verfahren.<\/p><\/div><\/div><div class=\"row\"><div class=\"button-holder space-bottom space-bottom-small\" data-type=\"column\">\u00a0<\/div><div class=\"col-xs bottom-xs flexbox image-group-bottom-3-img space-bottom-xs center-xs\"><img decoding=\"async\" class=\"left-img shadow-large-black\" title=\"cropped-MicrosoftTeams-image-57-1.jpg\" src=\"https:\/\/smartalyse.de\/wp-content\/uploads\/cropped-MicrosoftTeams-image-57-1.jpg\" alt=\"\" data-size=\"500x300\" \/> <img decoding=\"async\" class=\"center-img shadow-large-black\" title=\"cropped-MicrosoftTeams-image-50-5.jpg\" src=\"https:\/\/smartalyse.de\/wp-content\/uploads\/cropped-MicrosoftTeams-image-50-5.jpg\" alt=\"\" data-size=\"500x300\" \/> <img decoding=\"async\" class=\"right-img shadow-large-black\" title=\"cropped-MicrosoftTeams-image-62.jpg\" src=\"https:\/\/smartalyse.de\/wp-content\/uploads\/cropped-MicrosoftTeams-image-62.jpg\" alt=\"\" data-size=\"500x300\" \/><\/div><\/div><\/div><\/div><div id=\"ziele\" class=\"features-12-card-bordered content-section content-section-spacing \" style=\"background-color: #ffffff;\" data-label=\"Ziele\" data-id=\"features-12-card-bordered\" data-export-id=\"features-12-card-bordered\" data-category=\"features\"><div class=\"gridContainer\"><div class=\"row text-center\"><div class=\"section-title-col\" data-type=\"column\"><h2 class=\"\">Ziele<\/h2><p class=\"lead\">Das Ziel des Projekts ist die Entwicklung einer digitalen Smart-Service-Plattform, die eine standardisierte und zentralisierte Bereitstellung von erzielten Ergebnissen und Daten aus analytischen Verfahren erm\u00f6glicht. Die Plattform soll eine Verkn\u00fcpfung von physischen Proben und Ergebnissen aus analytischen Verfahren bieten und somit erhebliche Mehrwerte f\u00fcr alle Beteiligten erzielen. Zus\u00e4tzlich wird durch einen Remote-Assistant die Probeentnahme unterst\u00fctzt, sodass auch unge\u00fcbte Personen diese durchf\u00fchren k\u00f6nnen.<\/p><p>Insbesondere soll sie kleinere Gutachterb\u00fcros unterst\u00fctzen und ihnen leichter Zugang zu neuen Verfahren erm\u00f6glichen, damit sie auch neue Dienstleistungen anbieten k\u00f6nnen. Auch gr\u00f6\u00dfere Analytiklabore haben Bedarf an einer spezifisch angepassten digitalen Unterst\u00fctzungsplattform. Das Projekt strebt somit an, einen Beitrag zur Digitalisierung von Analyseprozessen in der Industrie und anderen Bereichen zu leisten und diese Prozesse effizienter und kosteng\u00fcnstiger zu gestalten.\u00a0<\/p><\/div><\/div><div class=\"row spaced-cols\" data-type=\"row\"><div class=\"col-sm-6\"><div class=\"card row-card bordered y-move\"><div class=\"row\"><div class=\"col-sm-fit icon-column\">\u00a0<\/div><div class=\"col-sm\" data-type=\"column\"><h5 class=\"color2\">VERNETZTES INFORMATIONSMANAGEMENT<\/h5><p class=\"\">In dem SmartAlyse System werden alle Informationen rund um den Prozess der Probeentnahme und -analyse an einem Ort vereint und kombiniert. Sowohl technische als auch administrative Informationen sind in einem System vernetzt und werden je nach Nutzer:in und Anwendung individuell aufbereitet.<\/p><\/div><\/div><\/div><\/div><div class=\"col-sm-6\"><div class=\"card row-card bordered y-move\"><div class=\"row\"><div class=\"col-sm-fit icon-column\">\u00a0<\/div><div class=\"col-sm\" data-type=\"column\"><h5 class=\"color2\">DIGITALE DOKUMENTATION<\/h5><p class=\"\">Durch die Integration einer mobilen Anwendung wird eine zeit- und ortsunabh\u00e4ngige Dokumentation des gesamten Analyseprozesses erm\u00f6glicht. Diese Form der Digitalisierung erm\u00f6glicht ein verteiltes Arbeiten und erlaubt auch Kunden den asynchronen Zugriff auf Informationen \u00fcber ihre Auftr\u00e4ge.\u00a0 \u00a0 \u00a0 \u00a0 \u00a0 \u00a0 \u00a0 \u00a0 \u00a0 \u00a0 \u00a0 \u00a0 \u00a0 \u00a0 \u00a0<\/p><\/div><\/div><\/div><\/div><div class=\"col-sm-6\"><div class=\"card row-card bordered y-move\"><div class=\"row\"><div class=\"col-sm-fit icon-column\">\u00a0<\/div><div class=\"col-sm\" data-type=\"column\"><h5 class=\"color2\">VERNETZUNG \u00dcBER DIE FERNE<\/h5><p class=\"\">Nicht nur der Abruf von Informationen \u00fcber die Distanz ist relevant, auch die Unterst\u00fctzung durch eine(n) Expert:in kann notwendig sein. Darum ist der Remote Assistant ein essenzieller Teil des SmartAlyse Systems. Hierdurch k\u00f6nnen sich Experten mittels AR-Headset oder Kamera von Smartphone oder Tablet live dazuschalten und bei einzelnen Prozessschritten unterst\u00fctzen. Auch f\u00fcr den Kontakt zu den Kunden ist dieses Tool hilfreich und erm\u00f6glicht den Kunden einen vor-Ort Eindruck, ohne dass sie eine weite Reise zur\u00fccklegen m\u00fcssen.\u00a0 \u00a0 \u00a0 \u00a0 \u00a0 \u00a0 \u00a0 \u00a0 \u00a0 \u00a0 \u00a0 \u00a0 \u00a0 \u00a0 \u00a0 \u00a0 \u00a0 \u00a0 \u00a0 \u00a0 \u00a0 \u00a0 \u00a0 \u00a0 \u00a0 \u00a0 \u00a0 \u00a0 \u00a0 \u00a0 \u00a0 \u00a0 \u00a0 \u00a0 \u00a0 \u00a0 \u00a0 \u00a0 \u00a0 \u00a0 \u00a0 \u00a0 \u00a0 \u00a0 \u00a0 \u00a0 \u00a0 \u00a0<\/p><\/div><\/div><\/div><\/div><div class=\"col-sm-6\"><div class=\"card row-card bordered y-move\"><div class=\"row\"><div class=\"col-sm-fit icon-column\">\u00a0<\/div><div class=\"col-sm\" data-type=\"column\"><h5 class=\"color2\">NIEDRIGSCHWELLIGER ZUGANG<\/h5><p class=\"\">Auf Grund der unterschiedlichen Stakeholder von SamrtAlyse gibt es verschiedene M\u00f6glichkeiten und Anwendungen, um mit dem System zu arbeiten. Die Techniker im Feld, die sich um die Dokumentation, Pr\u00e4paration und Entnahme der Proben k\u00fcmmern, ben\u00f6tigen eine flexible und \u00fcbersichtliche Anwendung f\u00fcr ein mobiles Endger\u00e4t. Die Kund:innen wiederum haben andere Bed\u00fcrfnisse und k\u00f6nnen die f\u00fcr sie relevanten Informationen \u00fcber eine einfach zug\u00e4ngliche Webanwendung in ihrem Browser aufrufen. So bekommt erh\u00e4lt jeder einen Zugang zu dem System, der seinen\/ihren Bed\u00fcrfnissen angepasst ist.<\/p><\/div><\/div><\/div><\/div><\/div><\/div><\/div><div id=\"das-projekt\" class=\"content-2 content-section content-section-spacing\" style=\"background-color: #ffffff; background-image: none;\" data-label=\"Das Projekt\" data-id=\"content-2\" data-export-id=\"content-2\" data-category=\"content\"><div><div class=\"row middle-xs\"><div class=\"col-sm-5 bg-image shadow-large-black\" style=\"background-image: url('http:\/\/smartalyse.de\/wp-content\/uploads\/cropped-20230426_124317703_iOS-1.png');\" data-bg=\"image\">\u00a0<\/div><div class=\"col-sm-7 full-col-left-padding full-col-right-padding\"><div class=\"row\"><div class=\"space-bottom-small content-title-col\" data-type=\"column\"><h2 class=\"\">Das Projekt<\/h2><p class=\"\">SmartAlyse ist ein innovatives Forschungsprojekt im Rahmen des \u201eZentrales Innovationsprogramm Mittelstand\u201c (ZIM) mit einer Laufzeit von 2 Jahren. Die Entwicklung der digitalen Smart-Service-Plattform zur \u00dcberwachung und Koordination von analytischen Verfahren erm\u00f6glicht eine neue Form der Prozesskommunikation und reibungslosen Dokumentation von Analyseverfahren. Die neu entwickelte Anwendung baut auf bisheriger Forschung und Anwendungsentwicklung der einzelnen Partner auf und kombiniert diese, angereichert durch neue Komponenten, zu einem zukunftsf\u00e4higen Produkt. Zur Projektlaufzeit wird dieses in einem Feldversuch auf Helgoland am Beispiel der Materialforschung in Bezug auf Korrosion des Fraunhofer IFAM evaluiert und optimiert. Die dort widrigen Bedingungen an der Mole, unter Einfluss von Wind und Wetter, stellen die Anwendung und ihre Anwender vor besondere Herausforderungen. Gerade dieser Einsatz unter harten Bedingungen im Feld ist eine spannende Herausforderung, der sich das SmartAlyse Team gerne stellt!<\/p><\/div><\/div><div class=\"row spaced-cols \" data-type=\"row\"><div class=\"col-xs-6\" data-type=\"column\">\u00a0<\/div><\/div><\/div><\/div><\/div><\/div><div id=\"clients-1\" class=\"clients-1 content-section content-section-spacing\" style=\"background-color: #ffffff; background-image: none;\" data-label=\"Clients\" data-id=\"clients--2\" data-export-id=\"clients-1\" data-category=\"clients\"><div class=\"gridContainer\"><div class=\"row middle-sm\"><div class=\"col-sm-6 space-bottom-xs\" data-type=\"column\"><p class=\"lead\">Dieses Projekt wird vom Bundesministerium f\u00fcr Wirtschaft und Klimaschutz (BMWK) aufgrund eines Beschlusses des Deutschen Bundestages gef\u00f6rdert.<\/p><\/div><div class=\"col-sm-6\"><div class=\"row spaced-cols center-xs padding-lr\" data-type=\"row\"><div class=\"col-xs-3 col-md-12\"><img decoding=\"async\" class=\"desaturate\" title=\"BMWK_Fz_2021_Office_Farbe_de\" src=\"https:\/\/smartalyse.de\/wp-content\/uploads\/BMWK_Fz_2021_Office_Farbe_de-1.png\" alt=\"\" \/><\/div><\/div><\/div><\/div><\/div><\/div><div id=\"partner\" class=\"clients-4 content-section content-section-spacing-small\" style=\"background-color: #ffffff; background-image: none;\" data-label=\"Partner\" data-id=\"clients--3\" data-export-id=\"clients-4\" data-category=\"clients\"><div class=\"gridContainer\"><div class=\"row\"><div class=\"section-title-col\" data-type=\"column\"><h2 class=\"\">Partner<\/h2><\/div><\/div><div class=\"row spaced-cols middle-xs center-xs space-bottom padding-lr\" data-type=\"row\"><div class=\"col-xs-6 col-sm-2 col-md-2\"><a class=\"\" href=\"https:\/\/ascora.de\" target=\"_self\" rel=\"noopener\" data-cp-link=\"1\"><img decoding=\"async\" class=\"\" title=\"ascora\" src=\"https:\/\/smartalyse.de\/wp-content\/uploads\/ascora.jpg\" alt=\"\" \/><\/a><\/div><div class=\"col-xs-6 col-sm-2 col-md-2\"><a class=\"\" href=\"https:\/\/www.offis.de\" target=\"_self\" rel=\"noopener\" data-cp-link=\"1\"><img decoding=\"async\" class=\"\" title=\"offis\" src=\"https:\/\/smartalyse.de\/wp-content\/uploads\/offis.jpg\" alt=\"\" \/><\/a><\/div><div class=\"col-xs-6 col-sm-2 col-md-2\"><a class=\"\" href=\"https:\/\/www.ifam.fraunhofer.de\" target=\"_self\" rel=\"noopener\" data-cp-link=\"1\"><img decoding=\"async\" class=\"\" title=\"ifam\" src=\"https:\/\/smartalyse.de\/wp-content\/uploads\/ifam-scaled.jpg\" alt=\"\" \/><\/a><\/div><div class=\"col-xs-6 col-sm-2 col-md-2\"><a class=\"\" href=\"https:\/\/bitnamic.net\/en\" target=\"_self\" rel=\"noopener\" data-cp-link=\"1\"><img decoding=\"async\" class=\"\" title=\"bitnamic\" src=\"https:\/\/smartalyse.de\/wp-content\/uploads\/bitnamic.png\" alt=\"\" \/><\/a><\/div><\/div><\/div><\/div>\t\t\t\t\t\t\t\t<\/div>\n\t\t\t\t<\/div>\n\t\t\t\t\t<\/div>\n\t\t<\/div>\n\t\t\t\t\t<\/div>\n\t\t<\/section>\n\t\t\t\t<section class=\"elementor-section elementor-top-section elementor-element elementor-element-7386de2 elementor-section-boxed elementor-section-height-default elementor-section-height-default\" data-id=\"7386de2\" data-element_type=\"section\" data-e-type=\"section\">\n\t\t\t\t\t\t<div class=\"elementor-container elementor-column-gap-default\">\n\t\t\t\t\t<div class=\"elementor-column elementor-col-100 elementor-top-column elementor-element elementor-element-717a815\" data-id=\"717a815\" data-element_type=\"column\" data-e-type=\"column\">\n\t\t\t<div class=\"elementor-widget-wrap elementor-element-populated\">\n\t\t\t\t\t\t<div class=\"elementor-element elementor-element-d93b12c elementor-widget elementor-widget-menu-anchor\" data-id=\"d93b12c\" data-element_type=\"widget\" data-e-type=\"widget\" data-widget_type=\"menu-anchor.default\">\n\t\t\t\t<div class=\"elementor-widget-container\">\n\t\t\t\t\t\t\t<div class=\"elementor-menu-anchor\" id=\"projectResult\"><\/div>\n\t\t\t\t\t\t<\/div>\n\t\t\t\t<\/div>\n\t\t\t\t\t<\/div>\n\t\t<\/div>\n\t\t\t\t\t<\/div>\n\t\t<\/section>\n\t\t\t\t<section class=\"elementor-section elementor-top-section elementor-element elementor-element-b383a94 elementor-section-boxed elementor-section-height-default elementor-section-height-default\" data-id=\"b383a94\" data-element_type=\"section\" data-e-type=\"section\">\n\t\t\t\t\t\t<div class=\"elementor-container elementor-column-gap-default\">\n\t\t\t\t\t<div class=\"elementor-column elementor-col-100 elementor-top-column elementor-element elementor-element-31063ab\" data-id=\"31063ab\" data-element_type=\"column\" data-e-type=\"column\">\n\t\t\t<div class=\"elementor-widget-wrap elementor-element-populated\">\n\t\t\t\t\t\t<div class=\"elementor-element elementor-element-e2bcae8 elementor-widget elementor-widget-heading\" data-id=\"e2bcae8\" data-element_type=\"widget\" data-e-type=\"widget\" data-widget_type=\"heading.default\">\n\t\t\t\t<div class=\"elementor-widget-container\">\n\t\t\t\t\t<h2 class=\"elementor-heading-title elementor-size-default\"><span style=\"font-family: Muli, sans-serif;font-size: 2.5rem;background-color: transparent\">Projektergebnis<\/span><\/h2>\t\t\t\t<\/div>\n\t\t\t\t<\/div>\n\t\t\t\t\t<\/div>\n\t\t<\/div>\n\t\t\t\t\t<\/div>\n\t\t<\/section>\n\t\t\t\t<section class=\"elementor-section elementor-top-section elementor-element elementor-element-172706a elementor-section-boxed elementor-section-height-default elementor-section-height-default\" data-id=\"172706a\" data-element_type=\"section\" data-e-type=\"section\">\n\t\t\t\t\t\t<div class=\"elementor-container elementor-column-gap-default\">\n\t\t\t\t\t<div class=\"elementor-column elementor-col-100 elementor-top-column elementor-element elementor-element-7b7c714\" data-id=\"7b7c714\" data-element_type=\"column\" data-e-type=\"column\">\n\t\t\t<div class=\"elementor-widget-wrap elementor-element-populated\">\n\t\t\t\t\t\t\t<\/div>\n\t\t<\/div>\n\t\t\t\t\t<\/div>\n\t\t<\/section>\n\t\t\t\t<section class=\"elementor-section elementor-top-section elementor-element elementor-element-768ddad elementor-section-boxed elementor-section-height-default elementor-section-height-default\" data-id=\"768ddad\" data-element_type=\"section\" data-e-type=\"section\">\n\t\t\t\t\t\t<div class=\"elementor-container elementor-column-gap-default\">\n\t\t\t\t\t<div class=\"elementor-column elementor-col-100 elementor-top-column elementor-element elementor-element-a6f3c38\" data-id=\"a6f3c38\" data-element_type=\"column\" data-e-type=\"column\">\n\t\t\t<div class=\"elementor-widget-wrap elementor-element-populated\">\n\t\t\t\t\t\t<div class=\"elementor-element elementor-element-6b2297c elementor-widget elementor-widget-video\" data-id=\"6b2297c\" data-element_type=\"widget\" data-e-type=\"widget\" data-settings=\"{&quot;youtube_url&quot;:&quot;https:\\\/\\\/www.youtube.com\\\/watch?v=qQJiT_4DE4k&quot;,&quot;video_type&quot;:&quot;youtube&quot;,&quot;controls&quot;:&quot;yes&quot;}\" data-widget_type=\"video.default\">\n\t\t\t\t<div class=\"elementor-widget-container\">\n\t\t\t\t\t\t\t<div class=\"elementor-wrapper elementor-open-inline\">\n\t\t\t<div class=\"elementor-video\"><\/div>\t\t<\/div>\n\t\t\t\t\t\t<\/div>\n\t\t\t\t<\/div>\n\t\t\t\t\t<\/div>\n\t\t<\/div>\n\t\t\t\t\t<\/div>\n\t\t<\/section>\n\t\t\t\t<\/div>\n\t\t","protected":false},"excerpt":{"rendered":"<p>AusgangssituationKomplexe Produkte erfordern in allen Branchen der deutschen Wirtschaft eine Analytik des aktuellen Zustands \u00fcber die gesamte Wertsch\u00f6pfungskette. Die Automobilindustrie setzt z.B. auf analytische Qualit\u00e4tssicherungsverfahren f\u00fcr innovative Materialien und Fertigungstechniken. Privatwirtschaftliche Ingenieurs- und Gutachterb\u00fcros im Bausektor ben\u00f6tigen Gutachtert\u00e4tigkeiten f\u00fcr energieeffiziente Neubauprojekte oder \u00f6kologische Sanierung von Altbauten. Externe Dienstleister f\u00fchren vor Ort Probenentnahmen durch und analysieren&hellip; <br \/> <a class=\"read-more\" href=\"https:\/\/wp.smartalyse.de\/\">Read more<\/a><\/p>\n","protected":false},"author":4,"featured_media":0,"parent":0,"menu_order":0,"comment_status":"closed","ping_status":"closed","template":"page-templates\/homepage.php","meta":{"footnotes":""},"class_list":["post-967","page","type-page","status-publish","hentry"],"_links":{"self":[{"href":"https:\/\/wp.smartalyse.de\/index.php?rest_route=\/wp\/v2\/pages\/967","targetHints":{"allow":["GET"]}}],"collection":[{"href":"https:\/\/wp.smartalyse.de\/index.php?rest_route=\/wp\/v2\/pages"}],"about":[{"href":"https:\/\/wp.smartalyse.de\/index.php?rest_route=\/wp\/v2\/types\/page"}],"author":[{"embeddable":true,"href":"https:\/\/wp.smartalyse.de\/index.php?rest_route=\/wp\/v2\/users\/4"}],"replies":[{"embeddable":true,"href":"https:\/\/wp.smartalyse.de\/index.php?rest_route=%2Fwp%2Fv2%2Fcomments&post=967"}],"version-history":[{"count":42,"href":"https:\/\/wp.smartalyse.de\/index.php?rest_route=\/wp\/v2\/pages\/967\/revisions"}],"predecessor-version":[{"id":1706,"href":"https:\/\/wp.smartalyse.de\/index.php?rest_route=\/wp\/v2\/pages\/967\/revisions\/1706"}],"wp:attachment":[{"href":"https:\/\/wp.smartalyse.de\/index.php?rest_route=%2Fwp%2Fv2%2Fmedia&parent=967"}],"curies":[{"name":"wp","href":"https:\/\/api.w.org\/{rel}","templated":true}]}}